{"id":11,"date":"2021-08-23T20:24:35","date_gmt":"2021-08-23T20:24:35","guid":{"rendered":"https:\/\/anaconstantino.com\/?page_id=11"},"modified":"2022-07-15T09:56:16","modified_gmt":"2022-07-15T09:56:16","slug":"about","status":"publish","type":"page","link":"https:\/\/anaconstantino.com\/?page_id=11","title":{"rendered":"Sobre mim"},"content":{"rendered":"\n<p><\/p>\n\n\n\n<div class=\"wp-block-media-text alignwide is-stacked-on-mobile\"><figure class=\"wp-block-media-text__media\"><img loading=\"lazy\" decoding=\"async\" width=\"1024\" height=\"1024\" src=\"https:\/\/anaconstantino.com\/wp-content\/uploads\/2022\/07\/Designs-para-instagram1-1024x1024.png\" alt=\"\" class=\"wp-image-52 size-full\" srcset=\"https:\/\/anaconstantino.com\/wp-content\/uploads\/2022\/07\/Designs-para-instagram1-1024x1024.png 1024w, https:\/\/anaconstantino.com\/wp-content\/uploads\/2022\/07\/Designs-para-instagram1-300x300.png 300w, https:\/\/anaconstantino.com\/wp-content\/uploads\/2022\/07\/Designs-para-instagram1-150x150.png 150w, https:\/\/anaconstantino.com\/wp-content\/uploads\/2022\/07\/Designs-para-instagram1-768x768.png 768w, https:\/\/anaconstantino.com\/wp-content\/uploads\/2022\/07\/Designs-para-instagram1.png 1080w\" sizes=\"auto, (max-width: 1024px) 100vw, 1024px\" \/><\/figure><div class=\"wp-block-media-text__content\">\n<p>Sou Ana Constantino nasci em 1969 e sou m\u00e3e de dois filhos j\u00e1 adultos.<\/p>\n\n\n\n<p>No in\u00edcio deste mil\u00e9nio, num momento emocionalmente mais intenso e de grande questionamento interno, que me levou a evoluir no conhecimento de mim e dos outros. Tamb\u00e9m contribuiu para mudar o foco da minha atividade profissional, do ambiente organizacional para o consult\u00f3rio.<\/p>\n\n\n\n<p>Assim desde 2006 que desenvolvo a minha atividade como terapeuta, assumindo o meu prop\u00f3sito de vida.<\/p>\n\n\n\n<p>Hoje, a base do meu trabalho \u00e9 a Hipnose Cl\u00ednica transpessoal e regressiva.<\/p>\n\n\n\n<p>No entanto, complemento a abordagem terap\u00eautica com outras t\u00e9cnicas.<\/p>\n\n\n\n<p><\/p>\n<\/div><\/div>\n\n\n\n<p><\/p>\n\n\n\n<p><strong>Terapias que facilito:<\/strong><\/p>\n\n\n\n<p>-Emoneurobiosist\u00e9mica ( inclui Psicogenealogia e Psicossom\u00e1tica);<\/p>\n\n\n\n<p>-Psicodrama Interno Transgeracional;<\/p>\n\n\n\n<p>-An\u00e1lise corporal;<\/p>\n\n\n\n<p>-EFT- Emotional Freedom Technique;<\/p>\n\n\n\n<p>-Terapia sist\u00eamica familiar e organizacional;<\/p>\n\n\n\n<p><strong>As minhas certifica\u00e7\u00f5es:<\/strong><\/p>\n\n\n\n<p>-Certifica\u00e7\u00e3o em Hipnose Cl\u00ednica Transpessoal e Regressiva;<\/p>\n\n\n\n<p>-Certifica\u00e7\u00e3o Internacional Coaching-CCF_Certified Coaches Federation;<\/p>\n\n\n\n<p>-Certifica\u00e7\u00e3o em terapia sist\u00eamica familiar e psicodrama interno e transgeracional:<\/p>\n\n\n\n<p>-Certifica\u00e7\u00e3o Emoneurobiosistemica (Psicogenealogia e psicossom\u00e1tica).<\/p>\n","protected":false},"excerpt":{"rendered":"<p>Sou Ana Constantino nasci em 1969 e sou m\u00e3e de dois filhos j\u00e1 adultos. No in\u00edcio deste mil\u00e9nio, num momento emocionalmente mais intenso e de grande questionamento interno, que me levou a evoluir no conhecimento de mim e dos outros. Tamb\u00e9m contribuiu para mudar o foco da minha atividade profissional, do ambiente organizacional para o [&hellip;]<\/p>\n","protected":false},"author":1,"featured_media":0,"parent":0,"menu_order":0,"comment_status":"closed","ping_status":"closed","template":"","meta":{"footnotes":""},"class_list":["post-11","page","type-page","status-publish","hentry"],"_links":{"self":[{"href":"https:\/\/anaconstantino.com\/index.php?rest_route=\/wp\/v2\/pages\/11","targetHints":{"allow":["GET"]}}],"collection":[{"href":"https:\/\/anaconstantino.com\/index.php?rest_route=\/wp\/v2\/pages"}],"about":[{"href":"https:\/\/anaconstantino.com\/index.php?rest_route=\/wp\/v2\/types\/page"}],"author":[{"embeddable":true,"href":"https:\/\/anaconstantino.com\/index.php?rest_route=\/wp\/v2\/users\/1"}],"replies":[{"embeddable":true,"href":"https:\/\/anaconstantino.com\/index.php?rest_route=%2Fwp%2Fv2%2Fcomments&post=11"}],"version-history":[{"count":5,"href":"https:\/\/anaconstantino.com\/index.php?rest_route=\/wp\/v2\/pages\/11\/revisions"}],"predecessor-version":[{"id":59,"href":"https:\/\/anaconstantino.com\/index.php?rest_route=\/wp\/v2\/pages\/11\/revisions\/59"}],"wp:attachment":[{"href":"https:\/\/anaconstantino.com\/index.php?rest_route=%2Fwp%2Fv2%2Fmedia&parent=11"}],"curies":[{"name":"wp","href":"https:\/\/api.w.org\/{rel}","templated":true}]}}