{"id":74,"date":"2022-07-15T13:45:52","date_gmt":"2022-07-15T13:45:52","guid":{"rendered":"https:\/\/anaconstantino.com\/?page_id=74"},"modified":"2022-07-26T15:37:58","modified_gmt":"2022-07-26T15:37:58","slug":"servicos","status":"publish","type":"page","link":"https:\/\/anaconstantino.com\/?page_id=74","title":{"rendered":"Servi\u00e7os"},"content":{"rendered":"\n<div class=\"wp-block-media-text alignwide is-stacked-on-mobile\" style=\"grid-template-columns:35% auto\"><figure class=\"wp-block-media-text__media\"><img loading=\"lazy\" decoding=\"async\" width=\"1024\" height=\"1024\" src=\"https:\/\/anaconstantino.com\/wp-content\/uploads\/2022\/07\/Design-sem-nome-1024x1024.jpg\" alt=\"\" class=\"wp-image-109 size-full\" srcset=\"https:\/\/anaconstantino.com\/wp-content\/uploads\/2022\/07\/Design-sem-nome-1024x1024.jpg 1024w, https:\/\/anaconstantino.com\/wp-content\/uploads\/2022\/07\/Design-sem-nome-300x300.jpg 300w, https:\/\/anaconstantino.com\/wp-content\/uploads\/2022\/07\/Design-sem-nome-150x150.jpg 150w, https:\/\/anaconstantino.com\/wp-content\/uploads\/2022\/07\/Design-sem-nome-768x768.jpg 768w, https:\/\/anaconstantino.com\/wp-content\/uploads\/2022\/07\/Design-sem-nome.jpg 1080w\" sizes=\"auto, (max-width: 1024px) 100vw, 1024px\" \/><\/figure><div class=\"wp-block-media-text__content\">\n<p class=\"has-x-large-font-size\"><strong>Hipnoterapia<\/strong><\/p>\n\n\n\n<p>\u00c9 uma forma de psicoterapia que utiliza a hipnose. Desenvolve-se num estado de relaxamento induzido naturalmente semelhante ao sono leve. Neste relaxamento, o indiv\u00edduo fica mais perme\u00e1vel \u00e0 sugest\u00e3o e com maior capacidade de discernimento, o que lhe permite tomar mais consci\u00eancia de si pr\u00f3prio do que seria poss\u00edvel no seu estado de vig\u00edlia (acordado).<\/p>\n\n\n\n<div style=\"height:100px\" aria-hidden=\"true\" class=\"wp-block-spacer\"><\/div>\n<\/div><\/div>\n\n\n\n<div class=\"wp-block-media-text alignwide has-media-on-the-right is-stacked-on-mobile\" style=\"grid-template-columns:auto 35%\"><figure class=\"wp-block-media-text__media\"><img loading=\"lazy\" decoding=\"async\" width=\"1024\" height=\"1024\" src=\"https:\/\/anaconstantino.com\/wp-content\/uploads\/2022\/07\/Design-sem-nome8-1024x1024.png\" alt=\"\" class=\"wp-image-112 size-full\" srcset=\"https:\/\/anaconstantino.com\/wp-content\/uploads\/2022\/07\/Design-sem-nome8-1024x1024.png 1024w, https:\/\/anaconstantino.com\/wp-content\/uploads\/2022\/07\/Design-sem-nome8-300x300.png 300w, https:\/\/anaconstantino.com\/wp-content\/uploads\/2022\/07\/Design-sem-nome8-150x150.png 150w, https:\/\/anaconstantino.com\/wp-content\/uploads\/2022\/07\/Design-sem-nome8-768x768.png 768w, https:\/\/anaconstantino.com\/wp-content\/uploads\/2022\/07\/Design-sem-nome8.png 1080w\" sizes=\"auto, (max-width: 1024px) 100vw, 1024px\" \/><\/figure><div class=\"wp-block-media-text__content\">\n<p class=\"has-large-font-size\"><strong>Terapia sist\u00eamica familiar\u00a0<\/strong><\/p>\n\n\n\n<p>\u00c9 um m\u00e9todo terap\u00eautico que promove a tomada de consci\u00eancia, sobre poss\u00edveis emaranhamentos no sistema familiar, que podem ser causadores de muitas doen\u00e7as e outras dificuldades na vida da pessoa.<\/p>\n<\/div><\/div>\n","protected":false},"excerpt":{"rendered":"<p>Terapia sist\u00eamica familiar\u00a0 \u00c9 um m\u00e9todo terap\u00eautico que promove a tomada de consci\u00eancia, sobre poss\u00edveis emaranhamentos no sistema familiar, que podem ser causadores de muitas doen\u00e7as e outras dificuldades na vida da pessoa.<\/p>\n","protected":false},"author":1,"featured_media":0,"parent":0,"menu_order":0,"comment_status":"closed","ping_status":"closed","template":"","meta":{"footnotes":""},"class_list":["post-74","page","type-page","status-publish","hentry"],"_links":{"self":[{"href":"https:\/\/anaconstantino.com\/index.php?rest_route=\/wp\/v2\/pages\/74","targetHints":{"allow":["GET"]}}],"collection":[{"href":"https:\/\/anaconstantino.com\/index.php?rest_route=\/wp\/v2\/pages"}],"about":[{"href":"https:\/\/anaconstantino.com\/index.php?rest_route=\/wp\/v2\/types\/page"}],"author":[{"embeddable":true,"href":"https:\/\/anaconstantino.com\/index.php?rest_route=\/wp\/v2\/users\/1"}],"replies":[{"embeddable":true,"href":"https:\/\/anaconstantino.com\/index.php?rest_route=%2Fwp%2Fv2%2Fcomments&post=74"}],"version-history":[{"count":4,"href":"https:\/\/anaconstantino.com\/index.php?rest_route=\/wp\/v2\/pages\/74\/revisions"}],"predecessor-version":[{"id":113,"href":"https:\/\/anaconstantino.com\/index.php?rest_route=\/wp\/v2\/pages\/74\/revisions\/113"}],"wp:attachment":[{"href":"https:\/\/anaconstantino.com\/index.php?rest_route=%2Fwp%2Fv2%2Fmedia&parent=74"}],"curies":[{"name":"wp","href":"https:\/\/api.w.org\/{rel}","templated":true}]}}